{"id":315,"date":"2025-02-21T11:55:44","date_gmt":"2025-02-21T11:55:44","guid":{"rendered":"https:\/\/delbertpharma.com\/?page_id=315"},"modified":"2025-07-25T10:00:53","modified_gmt":"2025-07-25T10:00:53","slug":"actualites","status":"publish","type":"page","link":"https:\/\/delbertpharma.com\/fr\/actualites\/","title":{"rendered":"Actualit\u00e9s"},"content":{"rendered":"<p>[et_pb_section fb_built=\u00a0\u00bb1&Prime; admin_label=\u00a0\u00bbbandeau page accueil delbert Pharma\u00a0\u00bb module_class=\u00a0\u00bbHeaderD\u00a0\u00bb _builder_version=\u00a0\u00bb4.27.2&Prime; _module_preset=\u00a0\u00bb74c69059-8e69-4122-b1e6-dfeabf6c5711&Prime; background_enable_color=\u00a0\u00bboff\u00a0\u00bb background_image=\u00a0\u00bbhttps:\/\/delbertpharma.com\/wp-content\/uploads\/2024\/06\/Delbert-pharma1-scaled.jpg\u00a0\u00bb module_alignment=\u00a0\u00bbcenter\u00a0\u00bb custom_padding=\u00a0\u00bb||0px||false|false\u00a0\u00bb top_divider_color=\u00a0\u00bb#004F75&Prime; top_divider_height=\u00a0\u00bb198px\u00a0\u00bb top_divider_repeat=\u00a0\u00bb1x\u00a0\u00bb top_divider_height_last_edited=\u00a0\u00bboff|desktop\u00a0\u00bb bottom_divider_color=\u00a0\u00bb#004F75&Prime; bottom_divider_height=\u00a0\u00bb95px\u00a0\u00bb bottom_divider_repeat=\u00a0\u00bb1x\u00a0\u00bb locked=\u00a0\u00bboff\u00a0\u00bb collapsed=\u00a0\u00bboff\u00a0\u00bb global_colors_info=\u00a0\u00bb{}\u00a0\u00bb background__hover_enabled=\u00a0\u00bboff|desktop\u00a0\u00bb][et_pb_row column_structure=\u00a0\u00bb3_4,1_4&Prime; _builder_version=\u00a0\u00bb4.27.4&Prime; _module_preset=\u00a0\u00bbdefault\u00a0\u00bb hover_enabled=\u00a0\u00bb0&Prime; global_colors_info=\u00a0\u00bb{}\u00a0\u00bb make_equal=\u00a0\u00bbon\u00a0\u00bb sticky_enabled=\u00a0\u00bb0&Prime;][et_pb_column type=\u00a0\u00bb3_4&Prime; _builder_version=\u00a0\u00bb4.27.0&Prime; _module_preset=\u00a0\u00bbdefault\u00a0\u00bb custom_padding=\u00a0\u00bb60px|60px|60px|60px|false|false\u00a0\u00bb custom_padding_tablet=\u00a0\u00bb30px|30px|30px|30px|false|false\u00a0\u00bb custom_padding_phone=\u00a0\u00bb10px|10px|10px|10px|false|false\u00a0\u00bb custom_padding_last_edited=\u00a0\u00bbon|phone\u00a0\u00bb border_radii=\u00a0\u00bbon|6px|6px|6px|6px\u00a0\u00bb global_colors_info=\u00a0\u00bb{}\u00a0\u00bb][et_pb_text _builder_version=\u00a0\u00bb4.27.2&Prime; _module_preset=\u00a0\u00bbdefault\u00a0\u00bb text_text_color=\u00a0\u00bb#FFFFFF\u00a0\u00bb text_line_height=\u00a0\u00bb2.5em\u00a0\u00bb header_font_size=\u00a0\u00bb60px\u00a0\u00bb header_line_height=\u00a0\u00bb1.5em\u00a0\u00bb background_color=\u00a0\u00bbrgba(0,79,117,0.5)\u00a0\u00bb background_layout=\u00a0\u00bbdark\u00a0\u00bb custom_padding=\u00a0\u00bb|30px||30px|false|true\u00a0\u00bb text_font_size_tablet=\u00a0\u00bb\u00a0\u00bb text_font_size_phone=\u00a0\u00bb\u00a0\u00bb text_font_size_last_edited=\u00a0\u00bbon|phone\u00a0\u00bb header_text_color_tablet=\u00a0\u00bb\u00a0\u00bb header_text_color_phone=\u00a0\u00bb\u00a0\u00bb header_text_color_last_edited=\u00a0\u00bbon|phone\u00a0\u00bb header_font_size_tablet=\u00a0\u00bb40px\u00a0\u00bb header_font_size_phone=\u00a0\u00bb36px\u00a0\u00bb header_font_size_last_edited=\u00a0\u00bbon|phone\u00a0\u00bb header_line_height_tablet=\u00a0\u00bb1.5em\u00a0\u00bb header_line_height_phone=\u00a0\u00bb\u00a0\u00bb header_line_height_last_edited=\u00a0\u00bbon|phone\u00a0\u00bb global_colors_info=\u00a0\u00bb{}\u00a0\u00bb]<\/p>\n<h1 class=\"et_pb_module_heading et-fb-editable-element et-fb-editable-element__editing\" data-shortcode-id=\"0.0.0.0-1718900221785\" data-quickaccess-id=\"title\" contenteditable=\"true\">Les <span style=\"color: #e9e612;\">actualit\u00e9s <\/span>de DELBERT Pharma<\/h1>\n<p>[\/et_pb_text][\/et_pb_column][et_pb_column type=\u00a0\u00bb1_4&Prime; _builder_version=\u00a0\u00bb4.26.0&Prime; _module_preset=\u00a0\u00bbdefault\u00a0\u00bb background_enable_image=\u00a0\u00bboff\u00a0\u00bb global_colors_info=\u00a0\u00bb{}\u00a0\u00bb][et_pb_divider show_divider=\u00a0\u00bboff\u00a0\u00bb disabled_on=\u00a0\u00bbon|off|off\u00a0\u00bb _builder_version=\u00a0\u00bb4.27.0&Prime; _module_preset=\u00a0\u00bbdefault\u00a0\u00bb height=\u00a0\u00bb270px\u00a0\u00bb max_height=\u00a0\u00bb816px\u00a0\u00bb global_colors_info=\u00a0\u00bb{}\u00a0\u00bb][\/et_pb_divider][\/et_pb_column][\/et_pb_row][\/et_pb_section][et_pb_section fb_built=\u00a0\u00bb1&Prime; _builder_version=\u00a0\u00bb4.27.0&Prime; _module_preset=\u00a0\u00bbdefault\u00a0\u00bb background_image=\u00a0\u00bbhttps:\/\/delbertpharma.com\/wp-content\/uploads\/2024\/09\/D.svg\u00a0\u00bb global_colors_info=\u00a0\u00bb{}\u00a0\u00bb][et_pb_row make_equal=\u00a0\u00bbon\u00a0\u00bb _builder_version=\u00a0\u00bb4.27.2&Prime; _module_preset=\u00a0\u00bbdefault\u00a0\u00bb global_colors_info=\u00a0\u00bb{}\u00a0\u00bb][et_pb_column type=\u00a0\u00bb4_4&Prime; _builder_version=\u00a0\u00bb4.27.0&Prime; _module_preset=\u00a0\u00bbdefault\u00a0\u00bb global_colors_info=\u00a0\u00bb{}\u00a0\u00bb][et_pb_blog fullwidth=\u00a0\u00bboff\u00a0\u00bb posts_number=\u00a0\u00bb20&Prime; include_categories=\u00a0\u00bball\u00a0\u00bb meta_date=\u00a0\u00bbM Y\u00a0\u00bb show_thumbnail=\u00a0\u00bboff\u00a0\u00bb show_more=\u00a0\u00bbon\u00a0\u00bb show_author=\u00a0\u00bboff\u00a0\u00bb show_categories=\u00a0\u00bboff\u00a0\u00bb _builder_version=\u00a0\u00bb4.27.2&Prime; _module_preset=\u00a0\u00bbdefault\u00a0\u00bb header_font_size=\u00a0\u00bb18px\u00a0\u00bb body_font=\u00a0\u00bbRoboto||||||||\u00a0\u00bb body_line_height=\u00a0\u00bb1.5em\u00a0\u00bb meta_font=\u00a0\u00bb|800|||||||\u00a0\u00bb meta_text_color=\u00a0\u00bb#E9E612&Prime; read_more_font=\u00a0\u00bb|700|||||||\u00a0\u00bb read_more_font_size=\u00a0\u00bb17px\u00a0\u00bb read_more_line_height=\u00a0\u00bb2em\u00a0\u00bb custom_padding=\u00a0\u00bb0px||||false|false\u00a0\u00bb global_colors_info=\u00a0\u00bb{}\u00a0\u00bb][\/et_pb_blog][\/et_pb_column][\/et_pb_row][\/et_pb_section][et_pb_section fb_built=\u00a0\u00bb1&Prime; admin_label=\u00a0\u00bbCall to Action\u00a0\u00bb _builder_version=\u00a0\u00bb4.26.0&Prime; _module_preset=\u00a0\u00bbdefault\u00a0\u00bb background_enable_color=\u00a0\u00bboff\u00a0\u00bb use_background_color_gradient=\u00a0\u00bbon\u00a0\u00bb background_color_gradient_stops=\u00a0\u00bbrgba(0,79,117,0.65) 2%|rgba(0,79,117,0.92) 100%\u00a0\u00bb background_color_gradient_overlays_image=\u00a0\u00bbon\u00a0\u00bb background_image=\u00a0\u00bbhttps:\/\/delbertpharma.com\/wp-content\/uploads\/2024\/06\/0-402f034b-b0ef-424e-ab2f-65427004bbb2-1920&#215;1080.jpg\u00a0\u00bb global_module=\u00a0\u00bb2787&Prime; saved_tabs=\u00a0\u00bball\u00a0\u00bb locked=\u00a0\u00bboff\u00a0\u00bb collapsed=\u00a0\u00bboff\u00a0\u00bb global_colors_info=\u00a0\u00bb{%22#078073%22:%91%22background_color%22%93}\u00a0\u00bb][et_pb_row _builder_version=\u00a0\u00bb4.27.0&Prime; _module_preset=\u00a0\u00bb5138c454-be54-4233-bd3b-f8e6a8747976&Prime; custom_padding=\u00a0\u00bb||||false|false\u00a0\u00bb global_colors_info=\u00a0\u00bb{}\u00a0\u00bb][et_pb_column type=\u00a0\u00bb4_4&Prime; _builder_version=\u00a0\u00bb4.16&Prime; _module_preset=\u00a0\u00bb73121f80-a3ef-4484-8763-c3f18e3c56d2&Prime; global_colors_info=\u00a0\u00bb{}\u00a0\u00bb][et_pb_cta title=\u00a0\u00bbDEMANDER DES RENSEIGNEMENTS MEDICAUX &#8211; SIGNALER UN EVENEMENT INDESIRABLE\u00a0\u00bb button_url=\u00a0\u00bb@ET-DC@eyJkeW5hbWljIjp0cnVlLCJjb250ZW50IjoicG9zdF9saW5rX3VybF9wYWdlIiwic2V0dGluZ3MiOnsicG9zdF9pZCI6IjM3OSJ9fQ==@\u00a0\u00bb button_text=\u00a0\u00bbD\u00e9clarer un \u00e9v\u00e8nement ind\u00e9sirable\u00a0\u00bb _builder_version=\u00a0\u00bb4.27.0&Prime; _dynamic_attributes=\u00a0\u00bbbutton_url\u00a0\u00bb _module_preset=\u00a0\u00bb0cae81ab-7223-4b50-8e71-bfb309c58c86&Prime; header_level=\u00a0\u00bbh4&Prime; header_font=\u00a0\u00bb|Cormorant Garamond_weight|||||||\u00a0\u00bb header_font_size=\u00a0\u00bb35px\u00a0\u00bb header_line_height=\u00a0\u00bb1.2em\u00a0\u00bb body_font=\u00a0\u00bbProza Libre|Proza Libre_weight|||||||\u00a0\u00bb body_font_size=\u00a0\u00bb16px\u00a0\u00bb body_line_height=\u00a0\u00bb1.75em\u00a0\u00bb body_link_font=\u00a0\u00bb||||||||\u00a0\u00bb body_link_text_color=\u00a0\u00bb#FFFFFF\u00a0\u00bb background_enable_color=\u00a0\u00bboff\u00a0\u00bb use_background_color=\u00a0\u00bboff\u00a0\u00bb custom_button=\u00a0\u00bbon\u00a0\u00bb button_text_size=\u00a0\u00bb14px\u00a0\u00bb button_text_color=\u00a0\u00bb#004F75&Prime; button_bg_color=\u00a0\u00bb#FFFF00&Prime; button_border_width=\u00a0\u00bb0px\u00a0\u00bb button_border_radius=\u00a0\u00bb100px\u00a0\u00bb button_font=\u00a0\u00bbProza Libre|700|||||||\u00a0\u00bb button_custom_padding=\u00a0\u00bb12px|24px|12px|24px|true|true\u00a0\u00bb header_font_size_tablet=\u00a0\u00bb28px\u00a0\u00bb header_font_size_phone=\u00a0\u00bb20px\u00a0\u00bb header_font_size_last_edited=\u00a0\u00bbon|phone\u00a0\u00bb body_font_size_tablet=\u00a0\u00bb16px\u00a0\u00bb body_font_size_phone=\u00a0\u00bb14px\u00a0\u00bb body_font_size_last_edited=\u00a0\u00bbon|phone\u00a0\u00bb border_radii=\u00a0\u00bbon|6px|6px|6px|6px\u00a0\u00bb locked=\u00a0\u00bboff\u00a0\u00bb global_colors_info=\u00a0\u00bb{%22gcid-f2943306-fa6c-45f0-b632-5fc00151366a%22:%91%22button_text_color%22%93,%22gcid-36fd78a7-34bc-404d-873c-dafa34efaae5%22:%91%22button_text_color%22%93}\u00a0\u00bb text_font_size_tablet=\u00a0\u00bb16px\u00a0\u00bb text_font_size_phone=\u00a0\u00bb14px\u00a0\u00bb text_font_size_last_edited=\u00a0\u00bbon|phone\u00a0\u00bb]<\/p>\n<p>Pour demander des informations m\u00e9dicales sur les produits de DELBERT Pharma ou signaler un \u00e9v\u00e8nement ind\u00e9sirable,<\/p>\n<p>veuillez \u00e9crire \u00e0 <a href=\"mailto:pharmacovigilance@dlebert.fr\">pharmacovigilance@delbert.fr<\/a> ou nous contacter au + 33 1 46 99 68 20<\/p>\n<p>[\/et_pb_cta][\/et_pb_column][\/et_pb_row][\/et_pb_section]<\/p>\n","protected":false},"excerpt":{"rendered":"<p>delbert pharma &#8211; aztreonam &#8211; azactam &#8211; bristol myers squibb &#8211; acquisition- entreprise \u00e0 mission &#8211; investissement &#8211; investisseurs &#8211; charte relations fournisseurs achats &#8211; RFAR &#8211; vivalto &#8211; sagard &#8211; socadif &#8211; macsf &#8211; idia &#8211; banques<\/p>\n","protected":false},"author":1,"featured_media":0,"parent":0,"menu_order":0,"comment_status":"closed","ping_status":"closed","template":"","meta":{"_et_pb_use_builder":"on","_et_pb_old_content":"","_et_gb_content_width":"","inline_featured_image":false,"footnotes":""},"class_list":["post-315","page","type-page","status-publish","hentry"],"yoast_head":"<!-- This site is optimized with the Yoast SEO plugin v26.7 - https:\/\/yoast.com\/wordpress\/plugins\/seo\/ -->\n<title>Actualit\u00e9s - delbertpharma.com<\/title>\n<meta name=\"description\" content=\"delbertpharma.com Entreprise pharmaceutique en France en Europe, soci\u00e9t\u00e9 \u00e0 mission. Derni\u00e8res actualit\u00e9s du laboratoire Delbert Pharma.\" \/>\n<meta name=\"robots\" content=\"index, follow, max-snippet:-1, max-image-preview:large, max-video-preview:-1\" \/>\n<link rel=\"canonical\" href=\"https:\/\/delbertpharma.com\/fr\/actualites\/\" \/>\n<meta property=\"og:locale\" content=\"fr_FR\" \/>\n<meta property=\"og:type\" content=\"article\" \/>\n<meta property=\"og:title\" content=\"Actualit\u00e9s - delbertpharma.com\" \/>\n<meta property=\"og:description\" content=\"delbertpharma.com Entreprise pharmaceutique en France en Europe, soci\u00e9t\u00e9 \u00e0 mission. Derni\u00e8res actualit\u00e9s du laboratoire Delbert Pharma.\" \/>\n<meta property=\"og:url\" content=\"https:\/\/delbertpharma.com\/fr\/actualites\/\" \/>\n<meta property=\"og:site_name\" content=\"delbertpharma.com\" \/>\n<meta property=\"article:modified_time\" content=\"2025-07-25T10:00:53+00:00\" \/>\n<meta property=\"og:image\" content=\"https:\/\/delbertpharma.com\/wp-content\/uploads\/2024\/06\/DelbertPharma-logo-carre_719x556.png\" \/>\n\t<meta property=\"og:image:width\" content=\"719\" \/>\n\t<meta property=\"og:image:height\" content=\"556\" \/>\n\t<meta property=\"og:image:type\" content=\"image\/png\" \/>\n<meta name=\"twitter:card\" content=\"summary_large_image\" \/>\n<meta name=\"twitter:label1\" content=\"Dur\u00e9e de lecture estim\u00e9e\" \/>\n\t<meta name=\"twitter:data1\" content=\"2 minutes\" \/>\n<script type=\"application\/ld+json\" class=\"yoast-schema-graph\">{\"@context\":\"https:\/\/schema.org\",\"@graph\":[{\"@type\":\"WebPage\",\"@id\":\"https:\/\/delbertpharma.com\/fr\/actualites\/\",\"url\":\"https:\/\/delbertpharma.com\/fr\/actualites\/\",\"name\":\"Actualit\u00e9s - delbertpharma.com\",\"isPartOf\":{\"@id\":\"https:\/\/delbertpharma.com\/#website\"},\"datePublished\":\"2025-02-21T11:55:44+00:00\",\"dateModified\":\"2025-07-25T10:00:53+00:00\",\"description\":\"delbertpharma.com Entreprise pharmaceutique en France en Europe, soci\u00e9t\u00e9 \u00e0 mission. Derni\u00e8res actualit\u00e9s du laboratoire Delbert Pharma.\",\"breadcrumb\":{\"@id\":\"https:\/\/delbertpharma.com\/fr\/actualites\/#breadcrumb\"},\"inLanguage\":\"fr-FR\",\"potentialAction\":[{\"@type\":\"ReadAction\",\"target\":[\"https:\/\/delbertpharma.com\/fr\/actualites\/\"]}]},{\"@type\":\"BreadcrumbList\",\"@id\":\"https:\/\/delbertpharma.com\/fr\/actualites\/#breadcrumb\",\"itemListElement\":[{\"@type\":\"ListItem\",\"position\":1,\"name\":\"Accueil\",\"item\":\"https:\/\/delbertpharma.com\/\"},{\"@type\":\"ListItem\",\"position\":2,\"name\":\"Actualit\u00e9s\"}]},{\"@type\":\"WebSite\",\"@id\":\"https:\/\/delbertpharma.com\/#website\",\"url\":\"https:\/\/delbertpharma.com\/\",\"name\":\"Delbert pharma\",\"description\":\"sauvegarder les m\u00e9dicaments essentiels\",\"publisher\":{\"@id\":\"https:\/\/delbertpharma.com\/#organization\"},\"alternateName\":\"Laboratoires Delbert\",\"potentialAction\":[{\"@type\":\"SearchAction\",\"target\":{\"@type\":\"EntryPoint\",\"urlTemplate\":\"https:\/\/delbertpharma.com\/?s={search_term_string}\"},\"query-input\":{\"@type\":\"PropertyValueSpecification\",\"valueRequired\":true,\"valueName\":\"search_term_string\"}}],\"inLanguage\":\"fr-FR\"},{\"@type\":\"Organization\",\"@id\":\"https:\/\/delbertpharma.com\/#organization\",\"name\":\"Delbert Pharma\",\"alternateName\":\"Delbert Pharma\",\"url\":\"https:\/\/delbertpharma.com\/\",\"logo\":{\"@type\":\"ImageObject\",\"inLanguage\":\"fr-FR\",\"@id\":\"https:\/\/delbertpharma.com\/#\/schema\/logo\/image\/\",\"url\":\"https:\/\/delbertpharma.com\/wp-content\/uploads\/2024\/06\/DELBERT-PHARMA-LOGO-500px.png\",\"contentUrl\":\"https:\/\/delbertpharma.com\/wp-content\/uploads\/2024\/06\/DELBERT-PHARMA-LOGO-500px.png\",\"width\":500,\"height\":386,\"caption\":\"Delbert Pharma\"},\"image\":{\"@id\":\"https:\/\/delbertpharma.com\/#\/schema\/logo\/image\/\"},\"sameAs\":[\"https:\/\/www.linkedin.com\/company\/delbert-pharma\/\"]}]}<\/script>\n<!-- \/ Yoast SEO plugin. -->","yoast_head_json":{"title":"Actualit\u00e9s - delbertpharma.com","description":"delbertpharma.com Entreprise pharmaceutique en France en Europe, soci\u00e9t\u00e9 \u00e0 mission. Derni\u00e8res actualit\u00e9s du laboratoire Delbert Pharma.","robots":{"index":"index","follow":"follow","max-snippet":"max-snippet:-1","max-image-preview":"max-image-preview:large","max-video-preview":"max-video-preview:-1"},"canonical":"https:\/\/delbertpharma.com\/fr\/actualites\/","og_locale":"fr_FR","og_type":"article","og_title":"Actualit\u00e9s - delbertpharma.com","og_description":"delbertpharma.com Entreprise pharmaceutique en France en Europe, soci\u00e9t\u00e9 \u00e0 mission. Derni\u00e8res actualit\u00e9s du laboratoire Delbert Pharma.","og_url":"https:\/\/delbertpharma.com\/fr\/actualites\/","og_site_name":"delbertpharma.com","article_modified_time":"2025-07-25T10:00:53+00:00","og_image":[{"width":719,"height":556,"url":"https:\/\/delbertpharma.com\/wp-content\/uploads\/2024\/06\/DelbertPharma-logo-carre_719x556.png","type":"image\/png"}],"twitter_card":"summary_large_image","twitter_misc":{"Dur\u00e9e de lecture estim\u00e9e":"2 minutes"},"schema":{"@context":"https:\/\/schema.org","@graph":[{"@type":"WebPage","@id":"https:\/\/delbertpharma.com\/fr\/actualites\/","url":"https:\/\/delbertpharma.com\/fr\/actualites\/","name":"Actualit\u00e9s - delbertpharma.com","isPartOf":{"@id":"https:\/\/delbertpharma.com\/#website"},"datePublished":"2025-02-21T11:55:44+00:00","dateModified":"2025-07-25T10:00:53+00:00","description":"delbertpharma.com Entreprise pharmaceutique en France en Europe, soci\u00e9t\u00e9 \u00e0 mission. Derni\u00e8res actualit\u00e9s du laboratoire Delbert Pharma.","breadcrumb":{"@id":"https:\/\/delbertpharma.com\/fr\/actualites\/#breadcrumb"},"inLanguage":"fr-FR","potentialAction":[{"@type":"ReadAction","target":["https:\/\/delbertpharma.com\/fr\/actualites\/"]}]},{"@type":"BreadcrumbList","@id":"https:\/\/delbertpharma.com\/fr\/actualites\/#breadcrumb","itemListElement":[{"@type":"ListItem","position":1,"name":"Accueil","item":"https:\/\/delbertpharma.com\/"},{"@type":"ListItem","position":2,"name":"Actualit\u00e9s"}]},{"@type":"WebSite","@id":"https:\/\/delbertpharma.com\/#website","url":"https:\/\/delbertpharma.com\/","name":"Delbert pharma","description":"sauvegarder les m\u00e9dicaments essentiels","publisher":{"@id":"https:\/\/delbertpharma.com\/#organization"},"alternateName":"Laboratoires Delbert","potentialAction":[{"@type":"SearchAction","target":{"@type":"EntryPoint","urlTemplate":"https:\/\/delbertpharma.com\/?s={search_term_string}"},"query-input":{"@type":"PropertyValueSpecification","valueRequired":true,"valueName":"search_term_string"}}],"inLanguage":"fr-FR"},{"@type":"Organization","@id":"https:\/\/delbertpharma.com\/#organization","name":"Delbert Pharma","alternateName":"Delbert Pharma","url":"https:\/\/delbertpharma.com\/","logo":{"@type":"ImageObject","inLanguage":"fr-FR","@id":"https:\/\/delbertpharma.com\/#\/schema\/logo\/image\/","url":"https:\/\/delbertpharma.com\/wp-content\/uploads\/2024\/06\/DELBERT-PHARMA-LOGO-500px.png","contentUrl":"https:\/\/delbertpharma.com\/wp-content\/uploads\/2024\/06\/DELBERT-PHARMA-LOGO-500px.png","width":500,"height":386,"caption":"Delbert Pharma"},"image":{"@id":"https:\/\/delbertpharma.com\/#\/schema\/logo\/image\/"},"sameAs":["https:\/\/www.linkedin.com\/company\/delbert-pharma\/"]}]}},"_links":{"self":[{"href":"https:\/\/delbertpharma.com\/fr\/wp-json\/wp\/v2\/pages\/315","targetHints":{"allow":["GET"]}}],"collection":[{"href":"https:\/\/delbertpharma.com\/fr\/wp-json\/wp\/v2\/pages"}],"about":[{"href":"https:\/\/delbertpharma.com\/fr\/wp-json\/wp\/v2\/types\/page"}],"author":[{"embeddable":true,"href":"https:\/\/delbertpharma.com\/fr\/wp-json\/wp\/v2\/users\/1"}],"replies":[{"embeddable":true,"href":"https:\/\/delbertpharma.com\/fr\/wp-json\/wp\/v2\/comments?post=315"}],"version-history":[{"count":46,"href":"https:\/\/delbertpharma.com\/fr\/wp-json\/wp\/v2\/pages\/315\/revisions"}],"predecessor-version":[{"id":4694,"href":"https:\/\/delbertpharma.com\/fr\/wp-json\/wp\/v2\/pages\/315\/revisions\/4694"}],"wp:attachment":[{"href":"https:\/\/delbertpharma.com\/fr\/wp-json\/wp\/v2\/media?parent=315"}],"curies":[{"name":"wp","href":"https:\/\/api.w.org\/{rel}","templated":true}]}}