{"id":2275,"date":"2024-09-30T17:04:54","date_gmt":"2024-09-30T17:04:54","guid":{"rendered":"https:\/\/delbertpharma.com\/publier-une-offre-demploi\/"},"modified":"2024-09-30T17:04:54","modified_gmt":"2024-09-30T17:04:54","slug":"publier-une-offre-demploi","status":"publish","type":"page","link":"https:\/\/delbertpharma.com\/fr\/publier-une-offre-demploi\/","title":{"rendered":"Publier une offre d\u2019emploi"},"content":{"rendered":"<form action=\"\/fr\/wp-json\/wp\/v2\/pages\/2275\" method=\"post\" id=\"submit-job-form\" class=\"job-manager-form\" enctype=\"multipart\/form-data\">\n\n\t\n\t\n\t\n\t\t\t<fieldset class=\"fieldset-login_required\">\n\t\t<label>Avez-vous d\u00e9j\u00e0 un compte\u00a0?<\/label>\n\t\t<div class=\"field account-sign-in\">\n\t\t\t<a class=\"button\" href=\"https:\/\/delbertpharma.com\/fr\/wp-login.php?redirect_to=https%3A%2F%2Fdelbertpharma.com%2Ffr%2Fpublier-une-offre-demploi%2F\">Se connecter<\/a>\n\n\t\t\t\n\t\t\t\tVous devez vous connecter pour cr\u00e9er une nouvelle offre.\n\t\t\t\t\t<\/div>\n\t<\/fieldset>\n\t\n\t\n\t\n\t\t\n\t<\/form>\n\n","protected":false},"excerpt":{"rendered":"","protected":false},"author":1,"featured_media":0,"parent":0,"menu_order":0,"comment_status":"closed","ping_status":"closed","template":"","meta":{"_et_pb_use_builder":"","_et_pb_old_content":"","_et_gb_content_width":"","inline_featured_image":false,"footnotes":""},"class_list":["post-2275","page","type-page","status-publish","hentry"],"yoast_head":"<!-- This site is optimized with the Yoast SEO plugin v26.7 - https:\/\/yoast.com\/wordpress\/plugins\/seo\/ -->\n<title>Publier une offre d\u2019emploi - delbertpharma.com<\/title>\n<meta name=\"description\" content=\"delbertpharma.com Entreprise pharmaceutique en France en Europe, soci\u00e9t\u00e9 \u00e0 mission, sauver les m\u00e9dicaments et traitements critiques pour les patients\" \/>\n<meta name=\"robots\" content=\"index, follow, max-snippet:-1, max-image-preview:large, max-video-preview:-1\" \/>\n<link rel=\"canonical\" href=\"https:\/\/delbertpharma.com\/publier-une-offre-demploi\/\" \/>\n<meta property=\"og:locale\" content=\"fr_FR\" \/>\n<meta property=\"og:type\" content=\"article\" \/>\n<meta property=\"og:title\" content=\"Publier une offre d\u2019emploi - delbertpharma.com\" \/>\n<meta property=\"og:description\" content=\"delbertpharma.com Entreprise pharmaceutique en France en Europe, soci\u00e9t\u00e9 \u00e0 mission, sauver les m\u00e9dicaments et traitements critiques pour les patients\" \/>\n<meta property=\"og:url\" content=\"https:\/\/delbertpharma.com\/publier-une-offre-demploi\/\" \/>\n<meta property=\"og:site_name\" content=\"delbertpharma.com\" \/>\n<meta property=\"og:image\" content=\"https:\/\/delbertpharma.com\/wp-content\/uploads\/2024\/06\/DelbertPharma-logo-carre_719x556.png\" \/>\n\t<meta property=\"og:image:width\" content=\"719\" \/>\n\t<meta property=\"og:image:height\" content=\"556\" \/>\n\t<meta property=\"og:image:type\" content=\"image\/png\" \/>\n<meta name=\"twitter:card\" content=\"summary_large_image\" \/>\n<script type=\"application\/ld+json\" class=\"yoast-schema-graph\">{\"@context\":\"https:\/\/schema.org\",\"@graph\":[{\"@type\":\"WebPage\",\"@id\":\"https:\/\/delbertpharma.com\/publier-une-offre-demploi\/\",\"url\":\"https:\/\/delbertpharma.com\/publier-une-offre-demploi\/\",\"name\":\"Publier une offre d\u2019emploi - delbertpharma.com\",\"isPartOf\":{\"@id\":\"https:\/\/delbertpharma.com\/#website\"},\"datePublished\":\"2024-09-30T17:04:54+00:00\",\"description\":\"delbertpharma.com Entreprise pharmaceutique en France en Europe, soci\u00e9t\u00e9 \u00e0 mission, sauver les m\u00e9dicaments et traitements critiques pour les patients\",\"breadcrumb\":{\"@id\":\"https:\/\/delbertpharma.com\/publier-une-offre-demploi\/#breadcrumb\"},\"inLanguage\":\"fr-FR\",\"potentialAction\":[{\"@type\":\"ReadAction\",\"target\":[\"https:\/\/delbertpharma.com\/publier-une-offre-demploi\/\"]}]},{\"@type\":\"BreadcrumbList\",\"@id\":\"https:\/\/delbertpharma.com\/publier-une-offre-demploi\/#breadcrumb\",\"itemListElement\":[{\"@type\":\"ListItem\",\"position\":1,\"name\":\"Accueil\",\"item\":\"https:\/\/delbertpharma.com\/\"},{\"@type\":\"ListItem\",\"position\":2,\"name\":\"Publier une offre d\u2019emploi\"}]},{\"@type\":\"WebSite\",\"@id\":\"https:\/\/delbertpharma.com\/#website\",\"url\":\"https:\/\/delbertpharma.com\/\",\"name\":\"Delbert pharma\",\"description\":\"sauvegarder les m\u00e9dicaments essentiels\",\"publisher\":{\"@id\":\"https:\/\/delbertpharma.com\/#organization\"},\"alternateName\":\"Laboratoires Delbert\",\"potentialAction\":[{\"@type\":\"SearchAction\",\"target\":{\"@type\":\"EntryPoint\",\"urlTemplate\":\"https:\/\/delbertpharma.com\/?s={search_term_string}\"},\"query-input\":{\"@type\":\"PropertyValueSpecification\",\"valueRequired\":true,\"valueName\":\"search_term_string\"}}],\"inLanguage\":\"fr-FR\"},{\"@type\":\"Organization\",\"@id\":\"https:\/\/delbertpharma.com\/#organization\",\"name\":\"Delbert Pharma\",\"alternateName\":\"Delbert Pharma\",\"url\":\"https:\/\/delbertpharma.com\/\",\"logo\":{\"@type\":\"ImageObject\",\"inLanguage\":\"fr-FR\",\"@id\":\"https:\/\/delbertpharma.com\/#\/schema\/logo\/image\/\",\"url\":\"https:\/\/delbertpharma.com\/wp-content\/uploads\/2024\/06\/DELBERT-PHARMA-LOGO-500px.png\",\"contentUrl\":\"https:\/\/delbertpharma.com\/wp-content\/uploads\/2024\/06\/DELBERT-PHARMA-LOGO-500px.png\",\"width\":500,\"height\":386,\"caption\":\"Delbert Pharma\"},\"image\":{\"@id\":\"https:\/\/delbertpharma.com\/#\/schema\/logo\/image\/\"},\"sameAs\":[\"https:\/\/www.linkedin.com\/company\/delbert-pharma\/\"]}]}<\/script>\n<!-- \/ Yoast SEO plugin. -->","yoast_head_json":{"title":"Publier une offre d\u2019emploi - delbertpharma.com","description":"delbertpharma.com Entreprise pharmaceutique en France en Europe, soci\u00e9t\u00e9 \u00e0 mission, sauver les m\u00e9dicaments et traitements critiques pour les patients","robots":{"index":"index","follow":"follow","max-snippet":"max-snippet:-1","max-image-preview":"max-image-preview:large","max-video-preview":"max-video-preview:-1"},"canonical":"https:\/\/delbertpharma.com\/publier-une-offre-demploi\/","og_locale":"fr_FR","og_type":"article","og_title":"Publier une offre d\u2019emploi - delbertpharma.com","og_description":"delbertpharma.com Entreprise pharmaceutique en France en Europe, soci\u00e9t\u00e9 \u00e0 mission, sauver les m\u00e9dicaments et traitements critiques pour les patients","og_url":"https:\/\/delbertpharma.com\/publier-une-offre-demploi\/","og_site_name":"delbertpharma.com","og_image":[{"width":719,"height":556,"url":"https:\/\/delbertpharma.com\/wp-content\/uploads\/2024\/06\/DelbertPharma-logo-carre_719x556.png","type":"image\/png"}],"twitter_card":"summary_large_image","schema":{"@context":"https:\/\/schema.org","@graph":[{"@type":"WebPage","@id":"https:\/\/delbertpharma.com\/publier-une-offre-demploi\/","url":"https:\/\/delbertpharma.com\/publier-une-offre-demploi\/","name":"Publier une offre d\u2019emploi - delbertpharma.com","isPartOf":{"@id":"https:\/\/delbertpharma.com\/#website"},"datePublished":"2024-09-30T17:04:54+00:00","description":"delbertpharma.com Entreprise pharmaceutique en France en Europe, soci\u00e9t\u00e9 \u00e0 mission, sauver les m\u00e9dicaments et traitements critiques pour les patients","breadcrumb":{"@id":"https:\/\/delbertpharma.com\/publier-une-offre-demploi\/#breadcrumb"},"inLanguage":"fr-FR","potentialAction":[{"@type":"ReadAction","target":["https:\/\/delbertpharma.com\/publier-une-offre-demploi\/"]}]},{"@type":"BreadcrumbList","@id":"https:\/\/delbertpharma.com\/publier-une-offre-demploi\/#breadcrumb","itemListElement":[{"@type":"ListItem","position":1,"name":"Accueil","item":"https:\/\/delbertpharma.com\/"},{"@type":"ListItem","position":2,"name":"Publier une offre d\u2019emploi"}]},{"@type":"WebSite","@id":"https:\/\/delbertpharma.com\/#website","url":"https:\/\/delbertpharma.com\/","name":"Delbert pharma","description":"sauvegarder les m\u00e9dicaments essentiels","publisher":{"@id":"https:\/\/delbertpharma.com\/#organization"},"alternateName":"Laboratoires Delbert","potentialAction":[{"@type":"SearchAction","target":{"@type":"EntryPoint","urlTemplate":"https:\/\/delbertpharma.com\/?s={search_term_string}"},"query-input":{"@type":"PropertyValueSpecification","valueRequired":true,"valueName":"search_term_string"}}],"inLanguage":"fr-FR"},{"@type":"Organization","@id":"https:\/\/delbertpharma.com\/#organization","name":"Delbert Pharma","alternateName":"Delbert Pharma","url":"https:\/\/delbertpharma.com\/","logo":{"@type":"ImageObject","inLanguage":"fr-FR","@id":"https:\/\/delbertpharma.com\/#\/schema\/logo\/image\/","url":"https:\/\/delbertpharma.com\/wp-content\/uploads\/2024\/06\/DELBERT-PHARMA-LOGO-500px.png","contentUrl":"https:\/\/delbertpharma.com\/wp-content\/uploads\/2024\/06\/DELBERT-PHARMA-LOGO-500px.png","width":500,"height":386,"caption":"Delbert Pharma"},"image":{"@id":"https:\/\/delbertpharma.com\/#\/schema\/logo\/image\/"},"sameAs":["https:\/\/www.linkedin.com\/company\/delbert-pharma\/"]}]}},"_links":{"self":[{"href":"https:\/\/delbertpharma.com\/fr\/wp-json\/wp\/v2\/pages\/2275","targetHints":{"allow":["GET"]}}],"collection":[{"href":"https:\/\/delbertpharma.com\/fr\/wp-json\/wp\/v2\/pages"}],"about":[{"href":"https:\/\/delbertpharma.com\/fr\/wp-json\/wp\/v2\/types\/page"}],"author":[{"embeddable":true,"href":"https:\/\/delbertpharma.com\/fr\/wp-json\/wp\/v2\/users\/1"}],"replies":[{"embeddable":true,"href":"https:\/\/delbertpharma.com\/fr\/wp-json\/wp\/v2\/comments?post=2275"}],"version-history":[{"count":0,"href":"https:\/\/delbertpharma.com\/fr\/wp-json\/wp\/v2\/pages\/2275\/revisions"}],"wp:attachment":[{"href":"https:\/\/delbertpharma.com\/fr\/wp-json\/wp\/v2\/media?parent=2275"}],"curies":[{"name":"wp","href":"https:\/\/api.w.org\/{rel}","templated":true}]}}